{"id":5801,"date":"2025-02-28T09:51:49","date_gmt":"2025-02-28T12:51:49","guid":{"rendered":"https:\/\/ldlturismo.com.br\/site\/?page_id=5801"},"modified":"2025-12-04T14:52:08","modified_gmt":"2025-12-04T17:52:08","slug":"novas-linhas-intermunicipal","status":"publish","type":"page","link":"https:\/\/ldlturismo.com.br\/site\/novas-linhas-intermunicipal\/","title":{"rendered":"Linhas Desativadas"},"content":{"rendered":"\t\t<div data-elementor-type=\"wp-page\" data-elementor-id=\"5801\" class=\"elementor elementor-5801\" data-elementor-post-type=\"page\">\n\t\t\t\t<div class=\"elementor-element elementor-element-2acf434 e-flex e-con-boxed e-con e-parent\" data-id=\"2acf434\" data-element_type=\"container\" data-settings=\"{&quot;_ha_eqh_enable&quot;:false}\">\n\t\t\t\t\t<div class=\"e-con-inner\">\n\t\t\t\t<div class=\"elementor-element elementor-element-d1142c0 elementor-widget elementor-widget-image\" data-id=\"d1142c0\" data-element_type=\"widget\" data-widget_type=\"image.default\">\n\t\t\t\t<div class=\"elementor-widget-container\">\n\t\t\t<style>\/*! elementor - v3.22.0 - 17-06-2024 *\/\n.elementor-widget-image{text-align:center}.elementor-widget-image a{display:inline-block}.elementor-widget-image a img[src$=\".svg\"]{width:48px}.elementor-widget-image img{vertical-align:middle;display:inline-block}<\/style>\t\t\t\t\t\t\t\t\t\t<img fetchpriority=\"high\" decoding=\"async\" width=\"674\" height=\"204\" src=\"https:\/\/ldlturismo.com.br\/site\/wp-content\/uploads\/2025\/02\/LINHAS-DESATIVADAS.png\" class=\"attachment-large size-large wp-image-6122\" alt=\"\" srcset=\"https:\/\/ldlturismo.com.br\/site\/wp-content\/uploads\/2025\/02\/LINHAS-DESATIVADAS.png 674w, https:\/\/ldlturismo.com.br\/site\/wp-content\/uploads\/2025\/02\/LINHAS-DESATIVADAS-300x91.png 300w\" sizes=\"(max-width: 674px) 100vw, 674px\" \/>\t\t\t\t\t\t\t\t\t\t\t\t\t<\/div>\n\t\t\t\t<\/div>\n\t\t\t\t\t<\/div>\n\t\t\t\t<\/div>\n\t\t<div class=\"elementor-element elementor-element-f7ee44f e-flex e-con-boxed e-con e-parent\" data-id=\"f7ee44f\" data-element_type=\"container\" data-settings=\"{&quot;_ha_eqh_enable&quot;:false}\">\n\t\t\t\t\t<div class=\"e-con-inner\">\n\t\t<div class=\"elementor-element elementor-element-5200498 e-con-full e-flex e-con e-child\" data-id=\"5200498\" data-element_type=\"container\" data-settings=\"{&quot;background_background&quot;:&quot;classic&quot;,&quot;_ha_eqh_enable&quot;:false}\">\n\t\t\t\t<div class=\"elementor-element elementor-element-01c4030 elementor-widget elementor-widget-heading\" data-id=\"01c4030\" data-element_type=\"widget\" data-widget_type=\"heading.default\">\n\t\t\t\t<div class=\"elementor-widget-container\">\n\t\t\t<style>\/*! elementor - v3.22.0 - 17-06-2024 *\/\n.elementor-heading-title{padding:0;margin:0;line-height:1}.elementor-widget-heading .elementor-heading-title[class*=elementor-size-]>a{color:inherit;font-size:inherit;line-height:inherit}.elementor-widget-heading .elementor-heading-title.elementor-size-small{font-size:15px}.elementor-widget-heading .elementor-heading-title.elementor-size-medium{font-size:19px}.elementor-widget-heading .elementor-heading-title.elementor-size-large{font-size:29px}.elementor-widget-heading .elementor-heading-title.elementor-size-xl{font-size:39px}.elementor-widget-heading .elementor-heading-title.elementor-size-xxl{font-size:59px}<\/style><h3 class=\"elementor-heading-title elementor-size-default\">\ud83d\udea8 Instru\u00e7\u00f5es para Reembolso \ud83d\udea8<\/h3>\t\t<\/div>\n\t\t\t\t<\/div>\n\t\t\t\t<div class=\"elementor-element elementor-element-d1812f0 elementor-widget elementor-widget-heading\" data-id=\"d1812f0\" data-element_type=\"widget\" data-widget_type=\"heading.default\">\n\t\t\t\t<div class=\"elementor-widget-container\">\n\t\t\t<h3 class=\"elementor-heading-title elementor-size-default\">\nA LDL TURISMO LTDA informa que os usu\u00e1rios das linhas intermunicipais paralisadas neste \u00faltimo dia 29\/04, que ainda possuam cr\u00e9ditos em seus cart\u00f5es dever\u00e3o entrar em contato com a empresa pelo telefone <span style=\"color: #FFC400;\">(47) 98499-5110 (somente mensagem de texto)<\/span>\n at\u00e9 o dia <span style=\"color: #FFC400;\">15\/05\/2025.<\/span><\/h3>\t\t<\/div>\n\t\t\t\t<\/div>\n\t\t\t\t<div class=\"elementor-element elementor-element-62b7836 elementor-widget elementor-widget-ha-creative-button happy-addon ha-creative-button\" data-id=\"62b7836\" data-element_type=\"widget\" data-widget_type=\"ha-creative-button.default\">\n\t\t\t\t<div class=\"elementor-widget-container\">\n\t\t\t\t\t<div data-magnetic=\"no\" class=\"ha-creative-btn-wrap\">\n\t\t\t<a class=\"ha-creative-btn ha-stl--symbolab ha-eft--back-in-left\" href=\"http:\/\/ldlturismo.com.br\/site\/wp-content\/uploads\/2024\/12\/Instrucoes-para-Reembolso-scaled.jpg\" rel=\"nofollow\">VER NOTA OFICIAL<i aria-hidden=\"true\" class=\"fas fa-link\"><\/i><\/a>\n\t\t<\/div>\t\t<\/div>\n\t\t\t\t<\/div>\n\t\t\t\t<\/div>\n\t\t\t\t\t<\/div>\n\t\t\t\t<\/div>\n\t\t<div class=\"elementor-element elementor-element-cd74b93 e-flex e-con-boxed e-con e-parent\" data-id=\"cd74b93\" data-element_type=\"container\" data-settings=\"{&quot;_ha_eqh_enable&quot;:false}\">\n\t\t\t\t\t<div class=\"e-con-inner\">\n\t\t<div class=\"elementor-element elementor-element-ab50c60 e-con-full e-flex e-con e-child\" data-id=\"ab50c60\" data-element_type=\"container\" data-settings=\"{&quot;background_background&quot;:&quot;classic&quot;,&quot;_ha_eqh_enable&quot;:false}\">\n\t\t\t\t<div class=\"elementor-element elementor-element-21f0024 elementor-widget elementor-widget-heading\" data-id=\"21f0024\" data-element_type=\"widget\" data-widget_type=\"heading.default\">\n\t\t\t\t<div class=\"elementor-widget-container\">\n\t\t\t<h3 class=\"elementor-heading-title elementor-size-default\">\ud83d\udea8 AVISO IMPORTANTE \ud83d\udea8<\/h3>\t\t<\/div>\n\t\t\t\t<\/div>\n\t\t\t\t<div class=\"elementor-element elementor-element-8183cc1 elementor-widget elementor-widget-heading\" data-id=\"8183cc1\" data-element_type=\"widget\" data-widget_type=\"heading.default\">\n\t\t\t\t<div class=\"elementor-widget-container\">\n\t\t\t<h3 class=\"elementor-heading-title elementor-size-default\"><span style=\"color: #FFC400;\">AVISO AOS USU\u00c1RIOS DAS LINHAS INTERMUNICIPAIS<\/span>\n\n<br><br>\n\nInformamos que a opera\u00e7\u00e3o das seguintes linhas intermunicipais:\n\n<br><br>\n\nPresidente Get\u00falio \/ Rio do Sul  \n- Presidente Get\u00falio \/ Blumenau  \n- Presidente Get\u00falio \/ Timb\u00f3  \n- Timb\u00f3 \/ Blumenau  \n- Dr. Pedrinho \/ Timb\u00f3  \n- Dr. Pedrinho \/ Blumenau  \n\n<br><br>\n\n<span style=\"color: #FFC400;\">Foi encerrada por nossa empresa no dia 28\/04\/2025.<\/span>\n\n<br><br>\n\nEste comunicado tem car\u00e1ter informativo. Para mais detalhes, consulte a nota oficial.<\/h3>\t\t<\/div>\n\t\t\t\t<\/div>\n\t\t\t\t<div class=\"elementor-element elementor-element-840d224 elementor-widget elementor-widget-ha-creative-button happy-addon ha-creative-button\" data-id=\"840d224\" data-element_type=\"widget\" data-widget_type=\"ha-creative-button.default\">\n\t\t\t\t<div class=\"elementor-widget-container\">\n\t\t\t\t\t<div data-magnetic=\"no\" class=\"ha-creative-btn-wrap\">\n\t\t\t<a class=\"ha-creative-btn ha-stl--symbolab ha-eft--back-in-left\" href=\"http:\/\/ldlturismo.com.br\/site\/wp-content\/uploads\/2024\/12\/Comunicado-oficial-fim-das-operacoes-scaled.png\" rel=\"nofollow\">VER NOTA OFICIAL<i aria-hidden=\"true\" class=\"fas fa-link\"><\/i><\/a>\n\t\t<\/div>\t\t<\/div>\n\t\t\t\t<\/div>\n\t\t\t\t<\/div>\n\t\t\t\t\t<\/div>\n\t\t\t\t<\/div>\n\t\t\t\t<\/div>\n\t\t","protected":false},"excerpt":{"rendered":"<p>\ud83d\udea8 Instru\u00e7\u00f5es para Reembolso \ud83d\udea8 A LDL TURISMO LTDA informa que os usu\u00e1rios das linhas intermunicipais paralisadas neste \u00faltimo dia 29\/04, que ainda possuam cr\u00e9ditos em seus cart\u00f5es dever\u00e3o entrar em contato com a empresa pelo telefone (47) 98499-5110 (somente mensagem de texto) at\u00e9 o dia 15\/05\/2025. VER NOTA OFICIAL \ud83d\udea8 AVISO IMPORTANTE \ud83d\udea8 AVISO [&hellip;]<\/p>\n","protected":false},"author":12,"featured_media":0,"parent":0,"menu_order":0,"comment_status":"closed","ping_status":"closed","template":"","meta":{"footnotes":""},"class_list":["post-5801","page","type-page","status-publish","hentry"],"_links":{"self":[{"href":"https:\/\/ldlturismo.com.br\/site\/wp-json\/wp\/v2\/pages\/5801","targetHints":{"allow":["GET"]}}],"collection":[{"href":"https:\/\/ldlturismo.com.br\/site\/wp-json\/wp\/v2\/pages"}],"about":[{"href":"https:\/\/ldlturismo.com.br\/site\/wp-json\/wp\/v2\/types\/page"}],"author":[{"embeddable":true,"href":"https:\/\/ldlturismo.com.br\/site\/wp-json\/wp\/v2\/users\/12"}],"replies":[{"embeddable":true,"href":"https:\/\/ldlturismo.com.br\/site\/wp-json\/wp\/v2\/comments?post=5801"}],"version-history":[{"count":102,"href":"https:\/\/ldlturismo.com.br\/site\/wp-json\/wp\/v2\/pages\/5801\/revisions"}],"predecessor-version":[{"id":6430,"href":"https:\/\/ldlturismo.com.br\/site\/wp-json\/wp\/v2\/pages\/5801\/revisions\/6430"}],"wp:attachment":[{"href":"https:\/\/ldlturismo.com.br\/site\/wp-json\/wp\/v2\/media?parent=5801"}],"curies":[{"name":"wp","href":"https:\/\/api.w.org\/{rel}","templated":true}]}}