{"id":6011,"date":"2025-04-14T13:51:12","date_gmt":"2025-04-14T16:51:12","guid":{"rendered":"https:\/\/ldlturismo.com.br\/site\/?page_id=6011"},"modified":"2025-04-14T13:55:40","modified_gmt":"2025-04-14T16:55:40","slug":"fretamento","status":"publish","type":"page","link":"https:\/\/ldlturismo.com.br\/site\/fretamento\/","title":{"rendered":"Fretamento"},"content":{"rendered":"\t\t<div data-elementor-type=\"wp-page\" data-elementor-id=\"6011\" class=\"elementor elementor-6011\" data-elementor-post-type=\"page\">\n\t\t\t\t<div class=\"elementor-element elementor-element-8c35ef5 e-con-full e-flex e-con e-parent\" data-id=\"8c35ef5\" data-element_type=\"container\" data-settings=\"{&quot;_ha_eqh_enable&quot;:false}\">\n\t\t\t\t<div class=\"elementor-element elementor-element-71bc2cb ha-align-center ha-layout-inline elementor-widget elementor-widget-ha-advanced-heading happy-addon ha-advanced-heading happy-addon-pro\" data-id=\"71bc2cb\" data-element_type=\"widget\" data-widget_type=\"ha-advanced-heading.default\">\n\t\t\t\t<div class=\"elementor-widget-container\">\n\t\t\t\n\t\t<h2 class=\"ha-advanced-heading-tag\">\n\t\t\t\t\t\t<div class=\"ha-advanced-heading-wrap\" data-background-text=\"Em breve\">\n\t\t\t\t<span class=\"ha-advanced-heading-before\">P\u00e1gina em<\/span>\n\t\t\t\t<span class=\"ha-advanced-heading-center\">constru\u00e7\u00e3o<\/span>\n\t\t\t\t<span class=\"ha-advanced-heading-after\"><\/span>\n\t\t\t\t<span class=\"ha-advanced-heading-border\"><\/span>\n\t\t\t<\/div>\n\t\t\t\t\t<\/h2>\n\n\t\t\t\t<\/div>\n\t\t\t\t<\/div>\n\t\t\t\t<\/div>\n\t\t\t\t<\/div>\n\t\t","protected":false},"excerpt":{"rendered":"<p>P\u00e1gina em constru\u00e7\u00e3o<\/p>\n","protected":false},"author":12,"featured_media":0,"parent":0,"menu_order":0,"comment_status":"closed","ping_status":"closed","template":"","meta":{"footnotes":""},"class_list":["post-6011","page","type-page","status-publish","hentry"],"_links":{"self":[{"href":"https:\/\/ldlturismo.com.br\/site\/wp-json\/wp\/v2\/pages\/6011","targetHints":{"allow":["GET"]}}],"collection":[{"href":"https:\/\/ldlturismo.com.br\/site\/wp-json\/wp\/v2\/pages"}],"about":[{"href":"https:\/\/ldlturismo.com.br\/site\/wp-json\/wp\/v2\/types\/page"}],"author":[{"embeddable":true,"href":"https:\/\/ldlturismo.com.br\/site\/wp-json\/wp\/v2\/users\/12"}],"replies":[{"embeddable":true,"href":"https:\/\/ldlturismo.com.br\/site\/wp-json\/wp\/v2\/comments?post=6011"}],"version-history":[{"count":8,"href":"https:\/\/ldlturismo.com.br\/site\/wp-json\/wp\/v2\/pages\/6011\/revisions"}],"predecessor-version":[{"id":6019,"href":"https:\/\/ldlturismo.com.br\/site\/wp-json\/wp\/v2\/pages\/6011\/revisions\/6019"}],"wp:attachment":[{"href":"https:\/\/ldlturismo.com.br\/site\/wp-json\/wp\/v2\/media?parent=6011"}],"curies":[{"name":"wp","href":"https:\/\/api.w.org\/{rel}","templated":true}]}}